{"id":67,"date":"2023-03-16T15:08:18","date_gmt":"2023-03-16T14:08:18","guid":{"rendered":"https:\/\/marieangenguci.com\/?page_id=67"},"modified":"2023-04-14T22:48:11","modified_gmt":"2023-04-14T20:48:11","slug":"season-2021-2022","status":"publish","type":"page","link":"https:\/\/marieangenguci.com\/index.php\/season-2021-2022\/","title":{"rendered":"Season 2021-2022"},"content":{"rendered":"\n<p><\/p>\n\n\n\n<p class=\"has-text-align-center\"><em><strong><em><strong>September 20th<\/strong><\/em>, 2021<\/strong><\/em><br>Festival Piano aux Jacobins, Toulouse<br>Recital<br><mark style=\"background-color:rgba(0, 0, 0, 0)\" class=\"has-inline-color has-white-color\">espace<\/mark><\/p>\n\n\n\n<p class=\"has-text-align-center\"><em><strong><em><strong><em><strong>October <\/strong><\/em>7th, <em><strong>2021<\/strong><\/em><\/strong><\/em><\/strong><\/em><br>Symfonieorkest Vlaanderen<br>Concertgebouw Brugge<br>Cond. Kristiina Poska<br>Brahms &#8211; Concerto n\u00b01 op.15 in D minor<br><mark style=\"background-color:rgba(0, 0, 0, 0)\" class=\"has-inline-color has-white-color\">espace<\/mark><\/p>\n\n\n\n<p class=\"has-text-align-center\"><em><strong><em><strong><em><strong>October <\/strong><\/em>9th, <em><strong>2021<\/strong><\/em><\/strong><\/em><\/strong><\/em><br>Symfonieorkest Vlaanderen<br>Muziekcentrum De Bijloke, Ghent<br>Cond. Kristiina Poska<br>Brahms &#8211; Concerto n\u00b01 op.15 in D minor<br><mark style=\"background-color:rgba(0, 0, 0, 0)\" class=\"has-inline-color has-white-color\">espace<\/mark><\/p>\n\n\n\n<p class=\"has-text-align-center\"><em><strong><em><strong><em><strong>October <\/strong><\/em>10th, <em><strong>2021<\/strong><\/em><\/strong><\/em><\/strong><\/em><br>Symfonieorkest Vlaanderen<br>Internationaal Kunstcentrum DeSingel, Antwerp<br>Cond. Kristiina Poska<br>Brahms &#8211; Concerto n\u00b01 op.15 in D minor<br><mark style=\"background-color:rgba(0, 0, 0, 0)\" class=\"has-inline-color has-white-color\">espace<\/mark><\/p>\n\n\n\n<p class=\"has-text-align-center\"><em><strong><em><strong><em><strong>October <\/strong><\/em>10th, <em><strong>2021<\/strong><\/em><\/strong><\/em><\/strong><\/em><br>Symfonieorkest Vlaanderen<br>Internationaal Kunstcentrum DeSingel, Antwerp<br>Cond. Kristiina Poska<br>Brahms &#8211; Concerto n\u00b01 op.15 in D minor<br><mark style=\"background-color:rgba(0, 0, 0, 0)\" class=\"has-inline-color has-white-color\">espace<\/mark><\/p>\n\n\n\n<p class=\"has-text-align-center\"><em><strong><em><strong><em><strong>October <\/strong><\/em>22th, <em><strong>2021<\/strong><\/em><\/strong><\/em><\/strong><\/em><br>Kammerorchester Basel<br>Franziskaner Konzerthaus, Villingen-Schwenningen<br>Cond. Umberto Benedetti Michelangeli<br>Beethoven &#8211; Concerto n\u00b03 op.37 in C minor<br><mark style=\"background-color:rgba(0, 0, 0, 0)\" class=\"has-inline-color has-white-color\">espace<\/mark><\/p>\n\n\n\n<p class=\"has-text-align-center\"><em><strong><em><strong><em><strong>October <\/strong><\/em>23th, <em><strong>2021<\/strong><\/em><\/strong><\/em><\/strong><\/em><br>Kammerorchester Basel<br>Kulturzentrum, Visp<br>Cond. Umberto Benedetti Michelangeli<br>Beethoven &#8211; Concerto n\u00b03 op.37 in C minor<br><mark style=\"background-color:rgba(0, 0, 0, 0)\" class=\"has-inline-color has-white-color\">espace<\/mark><\/p>\n\n\n\n<p class=\"has-text-align-center\"><em><strong><em><strong><em><strong>October <\/strong><\/em>24th, <em><strong>2021<\/strong><\/em><\/strong><\/em><\/strong><\/em><br>Kammerorchester Basel<br>Tonhalle, Z\u00fcrich<br>Cond. Umberto Benedetti Michelangeli<br>Beethoven &#8211; Concerto n\u00b03 op.37 in C minor<br><mark style=\"background-color:rgba(0, 0, 0, 0)\" class=\"has-inline-color has-white-color\">espace<\/mark><\/p>\n\n\n\n<p class=\"has-text-align-center\"><em><strong><em><strong><em><strong>November <\/strong><\/em>3rd, <em><strong>2021<\/strong><\/em><\/strong><\/em><\/strong><\/em><br>Symfonieorkest Vlaanderen<br>Muziekgebouw, Eindhoven<br>Cond. Martijn Dendievel<br>Brahms &#8211; Concerto n\u00b01 op.15 in D minor<br><mark style=\"background-color:rgba(0, 0, 0, 0)\" class=\"has-inline-color has-white-color\">espace<\/mark><\/p>\n\n\n\n<p class=\"has-text-align-center\"><em><strong><em><strong><em><strong>November <\/strong><\/em>13th, <em><strong>2021<\/strong><\/em><\/strong><\/em><\/strong><\/em><br>Barcelona Symphony Orchestra<br>L&#8217;Auditori de Barcelona, Spain<br>Cond. Tabitha Berglund<br>Grieg &#8211; Concerto op.16 in A minor<br><mark style=\"background-color:rgba(0, 0, 0, 0)\" class=\"has-inline-color has-white-color\">espace<\/mark><\/p>\n\n\n\n<p class=\"has-text-align-center\"><em><strong><em><strong><em><strong>November <\/strong><\/em>14th, <em><strong>2021<\/strong><\/em><\/strong><\/em><\/strong><\/em><br>Barcelona Symphony Orchestra<br>L&#8217;Auditori de Barcelona, Spain<br>Cond. Tabitha Berglund<br>Grieg &#8211; Concerto op.16 in A minor<br><mark style=\"background-color:rgba(0, 0, 0, 0)\" class=\"has-inline-color has-white-color\">espace<\/mark><\/p>\n\n\n\n<p class=\"has-text-align-center\"><em><strong><em><strong><em><strong>November <\/strong><\/em>24th, <em><strong>2021<\/strong><\/em><\/strong><\/em><\/strong><\/em><br>Festival Piano \u00e0 Lyon<br>Salle Moli\u00e8re, Lyon<br>Recital<br><mark style=\"background-color:rgba(0, 0, 0, 0)\" class=\"has-inline-color has-white-color\">espace<\/mark><\/p>\n\n\n\n<p class=\"has-text-align-center\"><em><strong><em><strong><em><strong>November <\/strong><\/em>28th, <em><strong>2021<\/strong><\/em><\/strong><\/em><\/strong><\/em><br>Santa Maria da Feira, Portugal<br>Orquestra Sinf\u00f3nica Aproarte<br>Cond. Moritz Gnann<br>Ravel &#8211; Concerto in G Major<br><mark style=\"background-color:rgba(0, 0, 0, 0)\" class=\"has-inline-color has-white-color\">espace<\/mark><\/p>\n\n\n\n<p class=\"has-text-align-center\"><em><strong><em><strong><em><strong>December <\/strong><\/em>2nd, <em><strong>2021<\/strong><\/em><\/strong><\/em><\/strong><\/em><br>Orchestre de Pau-Pays de B\u00e9arn<br>Palais Beaumont<br>Cond. Chloe van Soeterstede<br>Chopin &#8211; Concerto n\u00b01 op.11 in E minor<br><mark style=\"background-color:rgba(0, 0, 0, 0)\" class=\"has-inline-color has-white-color\">espace<\/mark><\/p>\n\n\n\n<p class=\"has-text-align-center\"><em><strong><em><strong><em><strong>December <\/strong><\/em>3rd, <em><strong>2021<\/strong><\/em><\/strong><\/em><\/strong><\/em><br>Orchestre de Pau-Pays de B\u00e9arn<br>Palais Beaumont<br>Cond. Chloe van Soeterstede<br>Chopin &#8211; Concerto n\u00b01 op.11 in E minor<br><mark style=\"background-color:rgba(0, 0, 0, 0)\" class=\"has-inline-color has-white-color\">espace<\/mark><\/p>\n\n\n\n<p class=\"has-text-align-center\"><em><strong><em><strong><em><strong>December <\/strong><\/em>4th, <em><strong>2021<\/strong><\/em><\/strong><\/em><\/strong><\/em><br>Orchestre de Pau-Pays de B\u00e9arn<br>Palais Beaumont<br>Cond. Chloe van Soeterstede<br>Chopin &#8211; Concerto n\u00b01 op.11 in E minor<br><mark style=\"background-color:rgba(0, 0, 0, 0)\" class=\"has-inline-color has-white-color\">espace<\/mark><\/p>\n\n\n\n<p class=\"has-text-align-center\"><em><strong><em><strong><em><strong>December <\/strong><\/em>14th, <em><strong>2021<\/strong><\/em><\/strong><\/em><\/strong><\/em><br>Th\u00e9\u00e2tre d&#8217;Angers, France<br>Recital<br><mark style=\"background-color:rgba(0, 0, 0, 0)\" class=\"has-inline-color has-white-color\">espace<\/mark><\/p>\n\n\n\n<p class=\"has-text-align-center\"><em><strong><em><strong><em><strong>December <\/strong><\/em>17th, <em><strong>2021<\/strong><\/em><\/strong><\/em><\/strong><\/em><br>Philharmonie de Paris<br>Orchestre de Chambre de Paris<br>Cond. Lars Vogt<br>Bach &#8211; Concerto n\u00b03 in D major BWV 1054<br>Bach &#8211; Concerto for Four Keyboards BWV 1065<br>with Lars Vogt, David Fray, Danae Dorken<br><mark style=\"background-color:rgba(0, 0, 0, 0)\" class=\"has-inline-color has-white-color\">espace<\/mark><\/p>\n\n\n\n<p class=\"has-text-align-center\"><em><strong><em><strong><em><strong>January <\/strong><\/em>22nd, <em><strong>2022<\/strong><\/em><\/strong><\/em><\/strong><\/em><br>Orchestre des Pays de Savoie<br>La Grange au Lac, Evian<br>Cond. Peter-Jelle de Boer<br>Shostakovich &#8211; Concerto n\u00b01 op.35<br>with Lucienne Renaudin-Vary, trumpet<br><mark style=\"background-color:rgba(0, 0, 0, 0)\" class=\"has-inline-color has-white-color\">espace<\/mark><\/p>\n\n\n\n<p class=\"has-text-align-center\"><em><strong><em><strong><em><strong>January <\/strong><\/em>29nd, <em><strong>2022<\/strong><\/em><\/strong><\/em><\/strong><\/em><br>Festival La Folle Journ\u00e9e de Nantes<br>Orchestre de Pau-Pays de B\u00e9arn<br>Cond. Fay\u00e7al Karoui<br>Beethoven &#8211; Concerto n\u00b05 op.73 in E flat Major<br><mark style=\"background-color:rgba(0, 0, 0, 0)\" class=\"has-inline-color has-white-color\">espace<\/mark><\/p>\n\n\n\n<p class=\"has-text-align-center\"><em><strong><em><strong><em><strong>February <\/strong><\/em>4th, <em><strong>2022<\/strong><\/em><\/strong><\/em><\/strong><\/em><br>BBC Symphony Orchestra<br>Barbican Hall, London<br>Cond. Dalia Stasevska<br>Shostakovich &#8211; Concerto n\u00b01 op.35<br><mark style=\"background-color:rgba(0, 0, 0, 0)\" class=\"has-inline-color has-white-color\">espace<\/mark><\/p>\n\n\n\n<p class=\"has-text-align-center\"><em><strong><em><strong><em><strong>February <\/strong><\/em>11th, <em><strong>2022<\/strong><\/em><\/strong><\/em><\/strong><\/em><br>Konzerthausorchester Berlin<br>Konzerthaus, Berlin<br>Cond. Nikolaj Szeps-Znaider<br>Chopin &#8211; Concerto n\u00b01 op.11 in E minor<br><mark style=\"background-color:rgba(0, 0, 0, 0)\" class=\"has-inline-color has-white-color\">espace<\/mark><\/p>\n\n\n\n<p class=\"has-text-align-center\"><em><strong><em><strong><em><strong>February <\/strong><\/em>12th, <em><strong>2022<\/strong><\/em><\/strong><\/em><\/strong><\/em><br>Konzerthausorchester Berlin<br>Konzerthaus, Berlin<br>Cond. Nikolaj Szeps-Znaider<br>Chopin &#8211; Concerto n\u00b01 op.11 in E minor<br><mark style=\"background-color:rgba(0, 0, 0, 0)\" class=\"has-inline-color has-white-color\">espace<\/mark><\/p>\n\n\n\n<p class=\"has-text-align-center\"><em><strong><em><strong><em><strong>February <\/strong><\/em>13th, <em><strong>2022<\/strong><\/em><\/strong><\/em><\/strong><\/em><br>Konzerthausorchester Berlin<br>Konzerthaus, Berlin<br>Cond. Nikolaj Szeps-Znaider<br>Chopin &#8211; Concerto n\u00b01 op.11 in E minor<br><mark style=\"background-color:rgba(0, 0, 0, 0)\" class=\"has-inline-color has-white-color\">espace<\/mark><\/p>\n\n\n\n<p class=\"has-text-align-center\"><em><strong><em><strong><em><strong>March <\/strong><\/em>5th, <em><strong>2022<\/strong><\/em><\/strong><\/em><\/strong><\/em><br>Orchestre des Pays de Savoie<br>Th\u00e9\u00e2tre d&#8217;Annecy<br>Cond. Peter-Jelle de Boer<br>Shostakovich &#8211; Concerto n\u00b01 op.35<br>with Lucienne Renaudin-Vary, trumpet<br><mark style=\"background-color:rgba(0, 0, 0, 0)\" class=\"has-inline-color has-white-color\">espace<\/mark><\/p>\n\n\n\n<p class=\"has-text-align-center\"><em><strong><em><strong><em><strong>March <\/strong><\/em>13th, <em><strong>2022<\/strong><\/em><\/strong><\/em><\/strong><\/em><br>Philharmonie de Paris<br>Orchestre National d&#8217;Ile-de-France<br>Cond. Case Scaglione<br>Gershwin &#8211; Concerto in F<br><mark style=\"background-color:rgba(0, 0, 0, 0)\" class=\"has-inline-color has-white-color\">espace<\/mark><\/p>\n\n\n\n<p class=\"has-text-align-center\"><em><strong><em><strong><em><strong>March <\/strong><\/em>15th, <em><strong>2022<\/strong><\/em><\/strong><\/em><\/strong><\/em><br>Orchestre National d&#8217;Ile-de-France<br>Rambouillet, France<br>Cond. Case Scaglione<br>Gershwin &#8211; Concerto in F<br><mark style=\"background-color:rgba(0, 0, 0, 0)\" class=\"has-inline-color has-white-color\">espace<\/mark><\/p>\n\n\n\n<p class=\"has-text-align-center\"><em><strong><em><strong><em><strong>March <\/strong><\/em>16th, <em><strong>2022<\/strong><\/em><\/strong><\/em><\/strong><\/em><br>Orchestre National d&#8217;Ile-de-France<br>L&#8217;Atrium, Chaville<br>Cond. Case Scaglione<br>Gershwin &#8211; Concerto in F<br><mark style=\"background-color:rgba(0, 0, 0, 0)\" class=\"has-inline-color has-white-color\">espace<\/mark><\/p>\n\n\n\n<p class=\"has-text-align-center\"><em><strong><em><strong><em><strong>March <\/strong><\/em>17th, <em><strong>2022<\/strong><\/em><\/strong><\/em><\/strong><\/em><br>Orchestre National d&#8217;Ile-de-France<br>Th\u00e9\u00e2tre de Rungis<br>Cond. Case Scaglione<br>Gershwin &#8211; Concerto in F<br><mark style=\"background-color:rgba(0, 0, 0, 0)\" class=\"has-inline-color has-white-color\">espace<\/mark><\/p>\n\n\n\n<p class=\"has-text-align-center\"><em><strong><em><strong><em><strong>March <\/strong><\/em>18th, <em><strong>2022<\/strong><\/em><\/strong><\/em><\/strong><\/em><br>Orchestre National d&#8217;Ile-de-France<br>Garges-l\u00e8s-Gonesse, France<br>Cond. Case Scaglione<br>Gershwin &#8211; Concerto in F<br><mark style=\"background-color:rgba(0, 0, 0, 0)\" class=\"has-inline-color has-white-color\">espace<\/mark><\/p>\n\n\n\n<p class=\"has-text-align-center\"><em><strong><em><strong><em><strong>March <\/strong><\/em>19th, <em><strong>2022<\/strong><\/em><\/strong><\/em><\/strong><\/em><br>Orchestre National d&#8217;Ile-de-France<br>Th\u00e9\u00e2tre Claude Debussy, Maisons-Alfort<br>Cond. Case Scaglione<br>Gershwin &#8211; Concerto in F<br><mark style=\"background-color:rgba(0, 0, 0, 0)\" class=\"has-inline-color has-white-color\">espace<\/mark><\/p>\n\n\n\n<p class=\"has-text-align-center\"><em><strong><em><strong><em><strong>March <\/strong><\/em>24th, <em><strong>2022<\/strong><\/em><\/strong><\/em><\/strong><\/em><br>Danish National Symphony Orchestra<br>DR Koncerthuset, Copenhagen<br>Cond. Fabio Luisi<br>Mozart &#8211; Concerto n\u00b021 K.467 in C Major<br><mark style=\"background-color:rgba(0, 0, 0, 0)\" class=\"has-inline-color has-white-color\">espace<\/mark><\/p>\n\n\n\n<p class=\"has-text-align-center\"><em><strong><em><strong><em><strong>March <\/strong><\/em>26th, <em><strong>2022<\/strong><\/em><\/strong><\/em><\/strong><\/em><br>Danish National Symphony Orchestra<br>DR Koncerthuset, Copenhagen<br>Cond. Fabio Luisi<br>Mozart &#8211; Concerto n\u00b021 K.467 in C Major<br><mark style=\"background-color:rgba(0, 0, 0, 0)\" class=\"has-inline-color has-white-color\">espace<\/mark><\/p>\n\n\n\n<p class=\"has-text-align-center\"><em><strong><em><strong><em><strong>March <\/strong><\/em>27th, <em><strong>2022<\/strong><\/em><\/strong><\/em><\/strong><\/em><br>Th\u00e9\u00e2tre de Cornouailles<br>Quimper, France<br>Recital<br><mark style=\"background-color:rgba(0, 0, 0, 0)\" class=\"has-inline-color has-white-color\">espace<\/mark><\/p>\n\n\n\n<p class=\"has-text-align-center\"><em><strong><em><strong><em><strong>May <\/strong><\/em>6th, <em><strong>2022<\/strong><\/em><\/strong><\/em><\/strong><\/em><br>Musikverein, Vienna<br>Tonk\u00fcnstler Orchester<br>Cond. Pierre Bleuse<br>Ravel &#8211; Concerto in G Major<br><mark style=\"background-color:rgba(0, 0, 0, 0)\" class=\"has-inline-color has-white-color\">espace<\/mark><\/p>\n\n\n\n<p class=\"has-text-align-center\"><em><strong><em><strong><em><strong>May <\/strong><\/em>7th, <em><strong>2022<\/strong><\/em><\/strong><\/em><\/strong><\/em><br>Tonk\u00fcnstler Orchester<br>Kasematten, Wiener Neustadt<br>Cond. Pierre Bleuse<br>Ravel &#8211; Concerto in G Major<br><mark style=\"background-color:rgba(0, 0, 0, 0)\" class=\"has-inline-color has-white-color\">espace<\/mark><\/p>\n\n\n\n<p class=\"has-text-align-center\"><em><strong><em><strong><em><strong>May <\/strong><\/em>9th, <em><strong>2022<\/strong><\/em><\/strong><\/em><\/strong><\/em><br>Tonk\u00fcnstler Orchester<br>Festspielhaus Sankt P\u00f6lten<br>Cond. Pierre Bleuse<br>Ravel &#8211; Concerto in G Major<br><mark style=\"background-color:rgba(0, 0, 0, 0)\" class=\"has-inline-color has-white-color\">espace<\/mark><\/p>\n\n\n\n<p class=\"has-text-align-center\"><em><strong><em><strong><em><strong>May <\/strong><\/em>17th, <em><strong>2022<\/strong><\/em><\/strong><\/em><\/strong><\/em><br>Lugano Musica<br>Lugano Arte e Cultura, Switzerland<br>Recital<br><mark style=\"background-color:rgba(0, 0, 0, 0)\" class=\"has-inline-color has-white-color\">espace<\/mark><\/p>\n\n\n\n<p class=\"has-text-align-center\"><em><strong><em><strong><em><strong>May <\/strong><\/em>22th, <em><strong>2022<\/strong><\/em><\/strong><\/em><\/strong><\/em><br>Festival d&#8217;Orl\u00e9ans, France<br>Recital<br><mark style=\"background-color:rgba(0, 0, 0, 0)\" class=\"has-inline-color has-white-color\">espace<\/mark><\/p>\n\n\n\n<p class=\"has-text-align-center\"><em><strong><em><strong><em><strong>June 5<\/strong><\/em>th, <em><strong>2022<\/strong><\/em><\/strong><\/em><\/strong><\/em><br>Bergen International Festival<br>Bergen, Norway<br>Recital<br><mark style=\"background-color:rgba(0, 0, 0, 0)\" class=\"has-inline-color has-white-color\">espace<\/mark><\/p>\n\n\n\n<p class=\"has-text-align-center\"><em><strong><em><strong><em><strong>June <\/strong><\/em>11th, <em><strong>2022<\/strong><\/em><\/strong><\/em><\/strong><\/em><br>Lille Piano Festival<br>Orchestre National de Lille<br>Cond. Jean-Claude Casadesus<br>Mozart &#8211; Concerto n\u00b021 K.467 in C Major<br><mark style=\"background-color:rgba(0, 0, 0, 0)\" class=\"has-inline-color has-white-color\">espace<\/mark><\/p>\n\n\n\n<p class=\"has-text-align-center\"><em><strong><em><strong><em><strong>June <\/strong><\/em>12th, <em><strong>2022<\/strong><\/em><\/strong><\/em><\/strong><\/em><br>Lille Piano Festival<br>Auditorium du Nouveau Si\u00e8cle<br>Recital<br><mark style=\"background-color:rgba(0, 0, 0, 0)\" class=\"has-inline-color has-white-color\">espace<\/mark><\/p>\n\n\n\n<p class=\"has-text-align-center\"><em><strong><em><strong><em><strong>July <\/strong><\/em>1st, <em><strong>2022<\/strong><\/em><\/strong><\/em><\/strong><\/em><br>IRCAM Composition Awards<br>Orchestre National d&#8217;Ile-de-France<br>Cond. Georg K\u00f6hler<br>Alexandre Jamar &#8211; <em>Five Forest Studies<\/em><br>Chenyao Li &#8211; <em>Flowers on the other shore<\/em><br>Pilar Miralles &#8211; <em>Allegory of the five industrial forces<\/em><br>Saad Haddad &#8211; <em>Meshahid<\/em><\/p>\n\n\n\n<p><\/p>\n\n\n\n<p><\/p>\n\n\n\n<p><\/p>\n\n\n\n<p><\/p>\n","protected":false},"excerpt":{"rendered":"<p>September 20th, 2021Festival Piano aux Jacobins, ToulouseRecitalespace October 7th, 2021Symfonieorkest VlaanderenConcertgebouw BruggeCond. Kristiina PoskaBrahms &#8211; Concerto n\u00b01 op.15 in D minorespace October 9th, 2021Symfonieorkest VlaanderenMuziekcentrum De Bijloke, GhentCond. Kristiina PoskaBrahms &#8211; Concerto n\u00b01 op.15 in D minorespace October 10th, 2021Symfonieorkest VlaanderenInternationaal Kunstcentrum DeSingel, AntwerpCond. Kristiina PoskaBrahms &#8211; Concerto n\u00b01 op.15 in D minorespace October 10th, &hellip; <\/p>\n<p class=\"link-more\"><a href=\"https:\/\/marieangenguci.com\/index.php\/season-2021-2022\/\" class=\"more-link\">Read more<span class=\"screen-reader-text\"> &#8220;Season 2021-2022&#8221;<\/span><\/a><\/p>\n","protected":false},"author":1,"featured_media":313,"parent":0,"menu_order":0,"comment_status":"closed","ping_status":"closed","template":"","meta":{"footnotes":""},"class_list":["post-67","page","type-page","status-publish","has-post-thumbnail","hentry"],"featured_media_urls":{"thumbnail":["https:\/\/marieangenguci.com\/wp-content\/uploads\/2023\/04\/image-150x150.jpg",150,150,true],"medium":["https:\/\/marieangenguci.com\/wp-content\/uploads\/2023\/04\/image-300x145.jpg",300,145,true],"medium_large":["https:\/\/marieangenguci.com\/wp-content\/uploads\/2023\/04\/image-768x371.jpg",768,371,true],"large":["https:\/\/marieangenguci.com\/wp-content\/uploads\/2023\/04\/image.jpg",950,459,false],"1536x1536":["https:\/\/marieangenguci.com\/wp-content\/uploads\/2023\/04\/image.jpg",960,464,false],"2048x2048":["https:\/\/marieangenguci.com\/wp-content\/uploads\/2023\/04\/image.jpg",960,464,false],"inspiro-featured-image":["https:\/\/marieangenguci.com\/wp-content\/uploads\/2023\/04\/image.jpg",960,464,false],"inspiro-loop":["https:\/\/marieangenguci.com\/wp-content\/uploads\/2023\/04\/image-950x320.jpg",950,320,true],"inspiro-loop@2x":["https:\/\/marieangenguci.com\/wp-content\/uploads\/2023\/04\/image.jpg",960,464,false],"portfolio_item-thumbnail":["https:\/\/marieangenguci.com\/wp-content\/uploads\/2023\/04\/image-600x400.jpg",600,400,true],"portfolio_item-masonry":["https:\/\/marieangenguci.com\/wp-content\/uploads\/2023\/04\/image-600x290.jpg",600,290,true],"portfolio_item-thumbnail_cinema":["https:\/\/marieangenguci.com\/wp-content\/uploads\/2023\/04\/image-800x335.jpg",800,335,true],"portfolio_item-thumbnail_portrait":["https:\/\/marieangenguci.com\/wp-content\/uploads\/2023\/04\/image-600x464.jpg",600,464,true],"portfolio_item-thumbnail_square":["https:\/\/marieangenguci.com\/wp-content\/uploads\/2023\/04\/image-800x464.jpg",800,464,true]},"_links":{"self":[{"href":"https:\/\/marieangenguci.com\/index.php\/wp-json\/wp\/v2\/pages\/67","targetHints":{"allow":["GET"]}}],"collection":[{"href":"https:\/\/marieangenguci.com\/index.php\/wp-json\/wp\/v2\/pages"}],"about":[{"href":"https:\/\/marieangenguci.com\/index.php\/wp-json\/wp\/v2\/types\/page"}],"author":[{"embeddable":true,"href":"https:\/\/marieangenguci.com\/index.php\/wp-json\/wp\/v2\/users\/1"}],"replies":[{"embeddable":true,"href":"https:\/\/marieangenguci.com\/index.php\/wp-json\/wp\/v2\/comments?post=67"}],"version-history":[{"count":62,"href":"https:\/\/marieangenguci.com\/index.php\/wp-json\/wp\/v2\/pages\/67\/revisions"}],"predecessor-version":[{"id":314,"href":"https:\/\/marieangenguci.com\/index.php\/wp-json\/wp\/v2\/pages\/67\/revisions\/314"}],"wp:featuredmedia":[{"embeddable":true,"href":"https:\/\/marieangenguci.com\/index.php\/wp-json\/wp\/v2\/media\/313"}],"wp:attachment":[{"href":"https:\/\/marieangenguci.com\/index.php\/wp-json\/wp\/v2\/media?parent=67"}],"curies":[{"name":"wp","href":"https:\/\/api.w.org\/{rel}","templated":true}]}}