{"id":493,"date":"2024-07-12T20:42:00","date_gmt":"2024-07-12T18:42:00","guid":{"rendered":"https:\/\/marieangenguci.com\/?page_id=493"},"modified":"2025-10-12T21:45:18","modified_gmt":"2025-10-12T19:45:18","slug":"season-2024-2025","status":"publish","type":"page","link":"https:\/\/marieangenguci.com\/index.php\/season-2024-2025\/","title":{"rendered":"Season 2024-2025"},"content":{"rendered":"\n<p class=\"has-text-align-center\"><strong><em>October 17th, 2024<\/em><\/strong><br>Slovenian Philharmonic Orchestra<br>Cond. Pierre Bleuse<br>Beethoven &#8211; Concerto n\u00b05 op.73 in E flat Major<br><mark style=\"background-color:rgba(0, 0, 0, 0)\" class=\"has-inline-color has-white-color\">espace<\/mark><\/p>\n\n\n\n<p class=\"has-text-align-center\"><strong><em>October 18th, 2024<\/em><\/strong><br>Slovenian Philharmonic Orchestra<br>Cond. Pierre Bleuse<br>Beethoven &#8211; Concerto n\u00b05 op.73 in E flat Major<br><mark style=\"background-color:rgba(0, 0, 0, 0)\" class=\"has-inline-color has-white-color\">espace<\/mark><\/p>\n\n\n\n<p class=\"has-text-align-center\"><strong><em>November 1st, 2024<\/em><\/strong><br>Rotterdam Philharmonic Orchestra<br>Cond. St\u00e9phane Den\u00e8ve<br>Saint-Sa\u00ebns &#8211; Concerto n\u00b02 op.22 in G minor<br><mark style=\"background-color:rgba(0, 0, 0, 0)\" class=\"has-inline-color has-white-color\">espace<\/mark><\/p>\n\n\n\n<p class=\"has-text-align-center\"><strong><em>November 2nd, 2024<\/em><\/strong><br>Rotterdam Philharmonic Orchestra<br>Cond. St\u00e9phane Den\u00e8ve<br>Saint-Sa\u00ebns &#8211; Concerto n\u00b02 op.22 in G minor<br><mark style=\"background-color:rgba(0, 0, 0, 0)\" class=\"has-inline-color has-white-color\">espace<\/mark><\/p>\n\n\n\n<p class=\"has-text-align-center\"><strong><em>November 3rd, 2024<\/em><\/strong><br>Rotterdam Philharmonic Orchestra<br>Cond. St\u00e9phane Den\u00e8ve<br>Saint-Sa\u00ebns &#8211; Concerto n\u00b02 op.22 in G minor<br><mark style=\"background-color:rgba(0, 0, 0, 0)\" class=\"has-inline-color has-white-color\">espace<\/mark><\/p>\n\n\n\n<p class=\"has-text-align-center\"><strong><em>November 15th, 2024<\/em><\/strong><br>Tonk\u00fcnstler Orchester<br>Vienna, Musikverein<br>Cond. Fabio Luisi<br>Mozart &#8211; Concerto n\u00b020 K.466 in D minor<br><mark style=\"background-color:rgba(0, 0, 0, 0)\" class=\"has-inline-color has-white-color\">espace<\/mark><\/p>\n\n\n\n<p class=\"has-text-align-center\"><strong><em>November 16th, 2024<\/em><\/strong><br>Tonk\u00fcnstler Orchester<br>Grafenegg, Auditorium<br>Cond. Fabio Luisi<br>Mozart &#8211; Concerto n\u00b020 K.466 in D minor<br><mark style=\"background-color:rgba(0, 0, 0, 0)\" class=\"has-inline-color has-white-color\">espace<\/mark><\/p>\n\n\n\n<p class=\"has-text-align-center\"><strong><em>November 17th, 2024<\/em><\/strong><br>Tonk\u00fcnstler Orchester<br>Vienna, Musikverein<br>Cond. Fabio Luisi<br>Mozart &#8211; Concerto n\u00b020 K.466 in D minor<br><mark style=\"background-color:rgba(0, 0, 0, 0)\" class=\"has-inline-color has-white-color\">espace<\/mark><\/p>\n\n\n\n<p class=\"has-text-align-center\"><strong><em>November 18th, 2024<\/em><\/strong><br>Tonk\u00fcnstler Orchester<br>Festspielhaus, Sankt P\u00f6lten<br>Cond. Fabio Luisi<br>Mozart &#8211; Concerto n\u00b020 K.466 in D minor<br><mark style=\"background-color:rgba(0, 0, 0, 0)\" class=\"has-inline-color has-white-color\">espace<\/mark><\/p>\n\n\n\n<p class=\"has-text-align-center\"><strong><em>November 21th, 2024<\/em><\/strong><br>Royal Stockholm Philharmonic Orchestra<br>Konserthuset Stockholm<br>Cond. Alan Gilbert<br>Mozart &#8211; Concerto n\u00b021 K.467 in C Major<br><mark style=\"background-color:rgba(0, 0, 0, 0)\" class=\"has-inline-color has-white-color\">espace<\/mark><\/p>\n\n\n\n<p class=\"has-text-align-center\"><strong><em>November 24th, 2024<\/em><\/strong><br>Konserthuset Stockholm<br>Recital<br><mark style=\"background-color:rgba(0, 0, 0, 0)\" class=\"has-inline-color has-white-color\">espace<\/mark><\/p>\n\n\n\n<p class=\"has-text-align-center\"><strong><em>November 30th, 2024<\/em><\/strong><br>Filarmonica Arturo Toscanini di Parma<br>Teatro Regio di Parma<br>Cond. Enrico Onofri<br>Beethoven &#8211; Concerto n\u00b04 op.58 in G Major<br><mark style=\"background-color:rgba(0, 0, 0, 0)\" class=\"has-inline-color has-white-color\">espace<\/mark><\/p>\n\n\n\n<p class=\"has-text-align-center\"><strong><em>January 16th, 2025<\/em><\/strong><br>Orchestra della Svizzera Italiana<br>Cond. Robert Trevi\u00f1o<br>Mozart &#8211; Concerto n\u00b020 K.466 in D minor<br><mark style=\"background-color:rgba(0, 0, 0, 0)\" class=\"has-inline-color has-white-color\">espace<\/mark><\/p>\n\n\n\n<p class=\"has-text-align-center\"><strong><em>January 21st, 2025<\/em><\/strong><br>Wiener Neustadt, Austria<br>Recital<br><mark style=\"background-color:rgba(0, 0, 0, 0)\" class=\"has-inline-color has-white-color\">espace<\/mark><\/p>\n\n\n\n<p class=\"has-text-align-center\"><strong><em>January 30th, 2024<\/em><\/strong><br>La Folle Journ\u00e9e de Nantes<br>Sinfonia Varsovia<br>Beethoven &#8211; Concerto n\u00b05 op.73 in E flat Major<br><mark style=\"background-color:rgba(0, 0, 0, 0)\" class=\"has-inline-color has-white-color\">espace<\/mark><\/p>\n\n\n\n<p class=\"has-text-align-center\"><strong><em>February 20th, 2025<\/em><\/strong><br>Orchestra Sinfonica Nazionale della RAI<br>Auditorium A. Toscanini, Torino<br>Cond. Marc Albrecht<br>R. Strauss &#8211; Burleske in D minor<br><mark style=\"background-color:rgba(0, 0, 0, 0)\" class=\"has-inline-color has-white-color\">espace<\/mark><\/p>\n\n\n\n<p class=\"has-text-align-center\"><strong><em>February 21st, 2025<\/em><\/strong><br>Orchestra Sinfonica Nazionale della RAI<br>Auditorium A. Toscanini, Torino<br>Cond. Marc Albrecht<br>R. Strauss &#8211; Burleske in D minor<br><mark style=\"background-color:rgba(0, 0, 0, 0)\" class=\"has-inline-color has-white-color\">espace<\/mark><\/p>\n\n\n\n<p class=\"has-text-align-center\"><strong><em>February 23rd, 2025<\/em><\/strong><br>Solisti dell&#8217;Orchestra Sinfonica Nazionale della RAI<br>Auditorium A. Toscanini, Torino<br>Chamber Music Concert<br><mark style=\"background-color:rgba(0, 0, 0, 0)\" class=\"has-inline-color has-white-color\">espace<\/mark><\/p>\n","protected":false},"excerpt":{"rendered":"<p>October 17th, 2024Slovenian Philharmonic OrchestraCond. Pierre BleuseBeethoven &#8211; Concerto n\u00b05 op.73 in E flat Majorespace October 18th, 2024Slovenian Philharmonic OrchestraCond. Pierre BleuseBeethoven &#8211; Concerto n\u00b05 op.73 in E flat Majorespace November 1st, 2024Rotterdam Philharmonic OrchestraCond. St\u00e9phane Den\u00e8veSaint-Sa\u00ebns &#8211; Concerto n\u00b02 op.22 in G minorespace November 2nd, 2024Rotterdam Philharmonic OrchestraCond. St\u00e9phane Den\u00e8veSaint-Sa\u00ebns &#8211; Concerto n\u00b02 op.22 &hellip; <\/p>\n<p class=\"link-more\"><a href=\"https:\/\/marieangenguci.com\/index.php\/season-2024-2025\/\" class=\"more-link\">Read more<span class=\"screen-reader-text\"> &#8220;Season 2024-2025&#8221;<\/span><\/a><\/p>\n","protected":false},"author":1,"featured_media":0,"parent":0,"menu_order":0,"comment_status":"closed","ping_status":"closed","template":"","meta":{"footnotes":""},"class_list":["post-493","page","type-page","status-publish","hentry"],"featured_media_urls":[],"_links":{"self":[{"href":"https:\/\/marieangenguci.com\/index.php\/wp-json\/wp\/v2\/pages\/493","targetHints":{"allow":["GET"]}}],"collection":[{"href":"https:\/\/marieangenguci.com\/index.php\/wp-json\/wp\/v2\/pages"}],"about":[{"href":"https:\/\/marieangenguci.com\/index.php\/wp-json\/wp\/v2\/types\/page"}],"author":[{"embeddable":true,"href":"https:\/\/marieangenguci.com\/index.php\/wp-json\/wp\/v2\/users\/1"}],"replies":[{"embeddable":true,"href":"https:\/\/marieangenguci.com\/index.php\/wp-json\/wp\/v2\/comments?post=493"}],"version-history":[{"count":17,"href":"https:\/\/marieangenguci.com\/index.php\/wp-json\/wp\/v2\/pages\/493\/revisions"}],"predecessor-version":[{"id":530,"href":"https:\/\/marieangenguci.com\/index.php\/wp-json\/wp\/v2\/pages\/493\/revisions\/530"}],"wp:attachment":[{"href":"https:\/\/marieangenguci.com\/index.php\/wp-json\/wp\/v2\/media?parent=493"}],"curies":[{"name":"wp","href":"https:\/\/api.w.org\/{rel}","templated":true}]}}